{"id":50,"date":"2019-08-20T10:23:17","date_gmt":"2019-08-20T10:23:17","guid":{"rendered":"https:\/\/www.duro-tec.com\/?page_id=50"},"modified":"2025-08-26T08:01:22","modified_gmt":"2025-08-26T08:01:22","slug":"unternehmen","status":"publish","type":"page","link":"https:\/\/www.duro-tec.com\/","title":{"rendered":"Unternehmen"},"content":{"rendered":"\t\t<div data-elementor-type=\"wp-post\" data-elementor-id=\"50\" class=\"elementor elementor-50\">\n\t\t\t\t\t\t<section class=\"elementor-section elementor-top-section elementor-element elementor-element-224e1228 elementor-section-boxed elementor-section-height-default elementor-section-height-default\" data-id=\"224e1228\" data-element_type=\"section\" data-e-type=\"section\">\n\t\t\t\t\t\t<div class=\"elementor-container elementor-column-gap-default\">\n\t\t\t\t\t<div class=\"elementor-column elementor-col-100 elementor-top-column elementor-element elementor-element-3627c9ca\" data-id=\"3627c9ca\" data-element_type=\"column\" data-e-type=\"column\">\n\t\t\t<div class=\"elementor-widget-wrap elementor-element-populated\">\n\t\t\t\t\t\t<div class=\"elementor-element elementor-element-7d18ba97 elementor-widget elementor-widget-text-editor\" data-id=\"7d18ba97\" data-element_type=\"widget\" data-e-type=\"widget\" data-widget_type=\"text-editor.default\">\n\t\t\t\t<div class=\"elementor-widget-container\">\n\t\t\t\t\t\t\t\t\t<p><\/p>\n<p>Die mittlerweile in Veitsbronn ans\u00e4ssige Firma <b>Duro-Tec Kunststofftechnik GmbH <\/b>ist Ende 2009 durch die Insolvenz der Firma Volland in der mittelfr\u00e4nkischen Stadt Erlangen (Nordbayern) entstanden. Diese existierte seit \u00fcber 115 Jahren als ein mittelst\u00e4ndisches Familienunternehmen, das nach ISO 9001:2015 zertifiziert ist.<\/p>\n<p><\/p>\n<p>Nach der anf\u00e4nglichen Veredelung von Hornwaren begann die Firma Volland im Jahre 1929, als einer der ersten in Deutschland, mit der Kunststoffverarbeitung. Die 75-j\u00e4hrige Erfahrung wurde durch die Insolvenz aufrecht erhalten und zus\u00e4tzlich noch verst\u00e4rkt.<\/p>\n<p><\/p>\n<p>Durch die neue Gesch\u00e4ftsleitung von Frau Susanne Peiler, langj\u00e4hrige Erfahrung der Mitarbeiter und Erneuerung des Maschinenparks hat das Unternehmen Duro-Tec Kunststofftechnik GmbH zu alter St\u00e4rke gefunden und ist sogar Technologisch \u00fcberfl\u00fcgelt.<\/p>\n<p><\/p>\n<p>Duro-Tec ist zu einem stabilen Partner f\u00fcr seine Kunden geworden. Unser Ziel ist es, alle W\u00fcnsche der Kunden ernst zu nehmen und stetig Service durch enge Zusammenarbeit anzubieten.<\/p>\n<p><\/p>\t\t\t\t\t\t\t\t<\/div>\n\t\t\t\t<\/div>\n\t\t\t\t\t<\/div>\n\t\t<\/div>\n\t\t\t\t\t<\/div>\n\t\t<\/section>\n\t\t\t\t<section class=\"elementor-section elementor-top-section elementor-element elementor-element-6d96251 elementor-section-boxed elementor-section-height-default elementor-section-height-default\" data-id=\"6d96251\" data-element_type=\"section\" data-e-type=\"section\">\n\t\t\t\t\t\t<div class=\"elementor-container elementor-column-gap-default\">\n\t\t\t\t\t<div class=\"elementor-column elementor-col-100 elementor-top-column elementor-element elementor-element-7466c17\" data-id=\"7466c17\" data-element_type=\"column\" data-e-type=\"column\">\n\t\t\t<div class=\"elementor-widget-wrap elementor-element-populated\">\n\t\t\t\t\t\t<div class=\"elementor-element elementor-element-1451158 elementor-widget elementor-widget-image\" data-id=\"1451158\" data-element_type=\"widget\" data-e-type=\"widget\" data-widget_type=\"image.default\">\n\t\t\t\t<div class=\"elementor-widget-container\">\n\t\t\t\t\t\t\t\t\t\t\t\t\t\t\t<img fetchpriority=\"high\" decoding=\"async\" width=\"300\" height=\"208\" src=\"https:\/\/www.duro-tec.com\/wp-content\/uploads\/2020\/12\/GM3253-01-300x208.png\" class=\"attachment-medium size-medium wp-image-191\" alt=\"\" srcset=\"https:\/\/www.duro-tec.com\/wp-content\/uploads\/2020\/12\/GM3253-01-300x208.png 300w, https:\/\/www.duro-tec.com\/wp-content\/uploads\/2020\/12\/GM3253-01-1024x711.png 1024w, https:\/\/www.duro-tec.com\/wp-content\/uploads\/2020\/12\/GM3253-01-768x534.png 768w, https:\/\/www.duro-tec.com\/wp-content\/uploads\/2020\/12\/GM3253-01-1536x1067.png 1536w, https:\/\/www.duro-tec.com\/wp-content\/uploads\/2020\/12\/GM3253-01-2048x1423.png 2048w\" sizes=\"(max-width: 300px) 100vw, 300px\" \/>\t\t\t\t\t\t\t\t\t\t\t\t\t\t\t<\/div>\n\t\t\t\t<\/div>\n\t\t\t\t\t<\/div>\n\t\t<\/div>\n\t\t\t\t\t<\/div>\n\t\t<\/section>\n\t\t\t\t<section class=\"elementor-section elementor-top-section elementor-element elementor-element-0e64b01 elementor-section-boxed elementor-section-height-default elementor-section-height-default\" data-id=\"0e64b01\" data-element_type=\"section\" data-e-type=\"section\">\n\t\t\t\t\t\t<div class=\"elementor-container elementor-column-gap-default\">\n\t\t\t\t\t<div class=\"elementor-column elementor-col-100 elementor-top-column elementor-element elementor-element-efc9fb0\" data-id=\"efc9fb0\" data-element_type=\"column\" data-e-type=\"column\">\n\t\t\t<div class=\"elementor-widget-wrap elementor-element-populated\">\n\t\t\t\t\t\t\t<\/div>\n\t\t<\/div>\n\t\t\t\t\t<\/div>\n\t\t<\/section>\n\t\t\t\t<\/div>\n\t\t","protected":false},"excerpt":{"rendered":"<p>Die mittlerweile in Veitsbronn ans\u00e4ssige Firma Duro-Tec Kunststofftechnik GmbH ist Ende 2009 durch die Insolvenz der Firma Volland in der mittelfr\u00e4nkischen Stadt Erlangen (Nordbayern) entstanden. Diese existierte seit \u00fcber 115 Jahren als ein mittelst\u00e4ndisches Familienunternehmen, das nach ISO 9001:2015 zertifiziert ist. Nach der anf\u00e4nglichen Veredelung von Hornwaren begann die Firma Volland im Jahre 1929, als [&hellip;]<\/p>\n","protected":false},"author":1,"featured_media":0,"parent":0,"menu_order":0,"comment_status":"closed","ping_status":"closed","template":"","meta":{"footnotes":""},"class_list":["post-50","page","type-page","status-publish","hentry"],"yoast_head":"<!-- This site is optimized with the Yoast SEO plugin v27.4 - https:\/\/yoast.com\/product\/yoast-seo-wordpress\/ -->\n<title>Unternehmen - DURO-TEC<\/title>\n<meta name=\"robots\" content=\"index, follow, max-snippet:-1, max-image-preview:large, max-video-preview:-1\" \/>\n<link rel=\"canonical\" href=\"https:\/\/www.duro-tec.com\/\" \/>\n<meta property=\"og:locale\" content=\"de_DE\" \/>\n<meta property=\"og:type\" content=\"article\" \/>\n<meta property=\"og:title\" content=\"Unternehmen - DURO-TEC\" \/>\n<meta property=\"og:description\" content=\"Die mittlerweile in Veitsbronn ans\u00e4ssige Firma Duro-Tec Kunststofftechnik GmbH ist Ende 2009 durch die Insolvenz der Firma Volland in der mittelfr\u00e4nkischen Stadt Erlangen (Nordbayern) entstanden. Diese existierte seit \u00fcber 115 Jahren als ein mittelst\u00e4ndisches Familienunternehmen, das nach ISO 9001:2015 zertifiziert ist. Nach der anf\u00e4nglichen Veredelung von Hornwaren begann die Firma Volland im Jahre 1929, als [&hellip;]\" \/>\n<meta property=\"og:url\" content=\"https:\/\/www.duro-tec.com\/\" \/>\n<meta property=\"og:site_name\" content=\"DURO-TEC\" \/>\n<meta property=\"article:modified_time\" content=\"2025-08-26T08:01:22+00:00\" \/>\n<meta property=\"og:image\" content=\"https:\/\/www.duro-tec.com\/wp-content\/uploads\/2020\/12\/GM3253-01.png\" \/>\n\t<meta property=\"og:image:width\" content=\"2126\" \/>\n\t<meta property=\"og:image:height\" content=\"1477\" \/>\n\t<meta property=\"og:image:type\" content=\"image\/png\" \/>\n<meta name=\"twitter:card\" content=\"summary_large_image\" \/>\n<meta name=\"twitter:label1\" content=\"Gesch\u00e4tzte Lesezeit\" \/>\n\t<meta name=\"twitter:data1\" content=\"1\u00a0Minute\" \/>\n<script type=\"application\/ld+json\" class=\"yoast-schema-graph\">{\"@context\":\"https:\\\/\\\/schema.org\",\"@graph\":[{\"@type\":\"WebPage\",\"@id\":\"https:\\\/\\\/www.duro-tec.com\\\/\",\"url\":\"https:\\\/\\\/www.duro-tec.com\\\/\",\"name\":\"Unternehmen - DURO-TEC\",\"isPartOf\":{\"@id\":\"https:\\\/\\\/www.duro-tec.com\\\/#website\"},\"primaryImageOfPage\":{\"@id\":\"https:\\\/\\\/www.duro-tec.com\\\/#primaryimage\"},\"image\":{\"@id\":\"https:\\\/\\\/www.duro-tec.com\\\/#primaryimage\"},\"thumbnailUrl\":\"https:\\\/\\\/www.duro-tec.com\\\/wp-content\\\/uploads\\\/2020\\\/12\\\/GM3253-01-300x208.png\",\"datePublished\":\"2019-08-20T10:23:17+00:00\",\"dateModified\":\"2025-08-26T08:01:22+00:00\",\"breadcrumb\":{\"@id\":\"https:\\\/\\\/www.duro-tec.com\\\/#breadcrumb\"},\"inLanguage\":\"de\",\"potentialAction\":[{\"@type\":\"ReadAction\",\"target\":[\"https:\\\/\\\/www.duro-tec.com\\\/\"]}]},{\"@type\":\"ImageObject\",\"inLanguage\":\"de\",\"@id\":\"https:\\\/\\\/www.duro-tec.com\\\/#primaryimage\",\"url\":\"https:\\\/\\\/www.duro-tec.com\\\/wp-content\\\/uploads\\\/2020\\\/12\\\/GM3253-01.png\",\"contentUrl\":\"https:\\\/\\\/www.duro-tec.com\\\/wp-content\\\/uploads\\\/2020\\\/12\\\/GM3253-01.png\",\"width\":2126,\"height\":1477},{\"@type\":\"BreadcrumbList\",\"@id\":\"https:\\\/\\\/www.duro-tec.com\\\/#breadcrumb\",\"itemListElement\":[{\"@type\":\"ListItem\",\"position\":1,\"name\":\"Home\",\"item\":\"https:\\\/\\\/www.duro-tec.com\\\/\"},{\"@type\":\"ListItem\",\"position\":2,\"name\":\"Unternehmen\"}]},{\"@type\":\"WebSite\",\"@id\":\"https:\\\/\\\/www.duro-tec.com\\\/#website\",\"url\":\"https:\\\/\\\/www.duro-tec.com\\\/\",\"name\":\"DURO-TEC\",\"description\":\"Kunststofftechnik GmbH\",\"potentialAction\":[{\"@type\":\"SearchAction\",\"target\":{\"@type\":\"EntryPoint\",\"urlTemplate\":\"https:\\\/\\\/www.duro-tec.com\\\/?s={search_term_string}\"},\"query-input\":{\"@type\":\"PropertyValueSpecification\",\"valueRequired\":true,\"valueName\":\"search_term_string\"}}],\"inLanguage\":\"de\"}]}<\/script>\n<!-- \/ Yoast SEO plugin. -->","yoast_head_json":{"title":"Unternehmen - DURO-TEC","robots":{"index":"index","follow":"follow","max-snippet":"max-snippet:-1","max-image-preview":"max-image-preview:large","max-video-preview":"max-video-preview:-1"},"canonical":"https:\/\/www.duro-tec.com\/","og_locale":"de_DE","og_type":"article","og_title":"Unternehmen - DURO-TEC","og_description":"Die mittlerweile in Veitsbronn ans\u00e4ssige Firma Duro-Tec Kunststofftechnik GmbH ist Ende 2009 durch die Insolvenz der Firma Volland in der mittelfr\u00e4nkischen Stadt Erlangen (Nordbayern) entstanden. Diese existierte seit \u00fcber 115 Jahren als ein mittelst\u00e4ndisches Familienunternehmen, das nach ISO 9001:2015 zertifiziert ist. Nach der anf\u00e4nglichen Veredelung von Hornwaren begann die Firma Volland im Jahre 1929, als [&hellip;]","og_url":"https:\/\/www.duro-tec.com\/","og_site_name":"DURO-TEC","article_modified_time":"2025-08-26T08:01:22+00:00","og_image":[{"width":2126,"height":1477,"url":"https:\/\/www.duro-tec.com\/wp-content\/uploads\/2020\/12\/GM3253-01.png","type":"image\/png"}],"twitter_card":"summary_large_image","twitter_misc":{"Gesch\u00e4tzte Lesezeit":"1\u00a0Minute"},"schema":{"@context":"https:\/\/schema.org","@graph":[{"@type":"WebPage","@id":"https:\/\/www.duro-tec.com\/","url":"https:\/\/www.duro-tec.com\/","name":"Unternehmen - DURO-TEC","isPartOf":{"@id":"https:\/\/www.duro-tec.com\/#website"},"primaryImageOfPage":{"@id":"https:\/\/www.duro-tec.com\/#primaryimage"},"image":{"@id":"https:\/\/www.duro-tec.com\/#primaryimage"},"thumbnailUrl":"https:\/\/www.duro-tec.com\/wp-content\/uploads\/2020\/12\/GM3253-01-300x208.png","datePublished":"2019-08-20T10:23:17+00:00","dateModified":"2025-08-26T08:01:22+00:00","breadcrumb":{"@id":"https:\/\/www.duro-tec.com\/#breadcrumb"},"inLanguage":"de","potentialAction":[{"@type":"ReadAction","target":["https:\/\/www.duro-tec.com\/"]}]},{"@type":"ImageObject","inLanguage":"de","@id":"https:\/\/www.duro-tec.com\/#primaryimage","url":"https:\/\/www.duro-tec.com\/wp-content\/uploads\/2020\/12\/GM3253-01.png","contentUrl":"https:\/\/www.duro-tec.com\/wp-content\/uploads\/2020\/12\/GM3253-01.png","width":2126,"height":1477},{"@type":"BreadcrumbList","@id":"https:\/\/www.duro-tec.com\/#breadcrumb","itemListElement":[{"@type":"ListItem","position":1,"name":"Home","item":"https:\/\/www.duro-tec.com\/"},{"@type":"ListItem","position":2,"name":"Unternehmen"}]},{"@type":"WebSite","@id":"https:\/\/www.duro-tec.com\/#website","url":"https:\/\/www.duro-tec.com\/","name":"DURO-TEC","description":"Kunststofftechnik GmbH","potentialAction":[{"@type":"SearchAction","target":{"@type":"EntryPoint","urlTemplate":"https:\/\/www.duro-tec.com\/?s={search_term_string}"},"query-input":{"@type":"PropertyValueSpecification","valueRequired":true,"valueName":"search_term_string"}}],"inLanguage":"de"}]}},"_links":{"self":[{"href":"https:\/\/www.duro-tec.com\/index.php\/wp-json\/wp\/v2\/pages\/50","targetHints":{"allow":["GET"]}}],"collection":[{"href":"https:\/\/www.duro-tec.com\/index.php\/wp-json\/wp\/v2\/pages"}],"about":[{"href":"https:\/\/www.duro-tec.com\/index.php\/wp-json\/wp\/v2\/types\/page"}],"author":[{"embeddable":true,"href":"https:\/\/www.duro-tec.com\/index.php\/wp-json\/wp\/v2\/users\/1"}],"replies":[{"embeddable":true,"href":"https:\/\/www.duro-tec.com\/index.php\/wp-json\/wp\/v2\/comments?post=50"}],"version-history":[{"count":28,"href":"https:\/\/www.duro-tec.com\/index.php\/wp-json\/wp\/v2\/pages\/50\/revisions"}],"predecessor-version":[{"id":306,"href":"https:\/\/www.duro-tec.com\/index.php\/wp-json\/wp\/v2\/pages\/50\/revisions\/306"}],"wp:attachment":[{"href":"https:\/\/www.duro-tec.com\/index.php\/wp-json\/wp\/v2\/media?parent=50"}],"curies":[{"name":"wp","href":"https:\/\/api.w.org\/{rel}","templated":true}]}}