{"id":71,"date":"2019-08-20T10:59:20","date_gmt":"2019-08-20T10:59:20","guid":{"rendered":"https:\/\/www.duro-tec.com\/?page_id=71"},"modified":"2024-02-02T13:39:53","modified_gmt":"2024-02-02T13:39:53","slug":"spritzguss","status":"publish","type":"page","link":"https:\/\/www.duro-tec.com\/index.php\/spritzguss\/","title":{"rendered":"Spritzgu\u00df"},"content":{"rendered":"\t\t<div data-elementor-type=\"wp-post\" data-elementor-id=\"71\" class=\"elementor elementor-71\">\n\t\t\t\t\t\t<section class=\"elementor-section elementor-top-section elementor-element elementor-element-7789dc55 elementor-section-boxed elementor-section-height-default elementor-section-height-default\" data-id=\"7789dc55\" data-element_type=\"section\" data-e-type=\"section\">\n\t\t\t\t\t\t<div class=\"elementor-container elementor-column-gap-default\">\n\t\t\t\t\t<div class=\"elementor-column elementor-col-100 elementor-top-column elementor-element elementor-element-2b687255\" data-id=\"2b687255\" data-element_type=\"column\" data-e-type=\"column\">\n\t\t\t<div class=\"elementor-widget-wrap elementor-element-populated\">\n\t\t\t\t\t\t<div class=\"elementor-element elementor-element-6482ca69 elementor-widget elementor-widget-text-editor\" data-id=\"6482ca69\" data-element_type=\"widget\" data-e-type=\"widget\" data-widget_type=\"text-editor.default\">\n\t\t\t\t<div class=\"elementor-widget-container\">\n\t\t\t\t\t\t\t\t\t<p><span lang=\"de\">Mit unseren Spritzgie\u00dfmaschinen, auf denen wir eine Vielzahl von Duroplast- Kunststoffen und nahezu alle Thermoplast- Kunststoffe mit jahrzehntelanger <br>Erfahrung verarbeiten, fertigen wir haupts\u00e4chlich technische Pr\u00e4zisionsteile<br>mit einem Gewicht zwischen 0,03 g und 350 g. Die Schlie\u00dfkraft der Maschinen<br>betr\u00e4gt 35t bis 120t.<\/span><\/p>\n<p>Bei gr\u00f6\u00dferen Schlie\u00dfkr\u00e4ften arbeiten wir eng mit anderen Spritzgussbetrieben aus der Region zusammen.<\/p>\n<p class=\"MsoNormal\">Ob Kleinserien oder Gro\u00dfauftr\u00e4ge, wir gehen individuell auf<br>Ihre Kundenw\u00fcnsche ein und k\u00f6nnen, aufgrund unserer Unternehmensstruktur, eine<br>flexible und L\u00f6sungsorientierte Produktion, bei Bedarf, einleiten.<o:p><\/o:p><\/p>\n<p><span lang=\"de\"><\/span><\/p>\n<p><\/p>\n<p class=\"MsoNormal\">Wir k\u00f6nnen unsere Kunden Just-in-Time oder auch im<br>langfristigen Intervall bedienen.<o:p><\/o:p><\/p>\t\t\t\t\t\t\t\t<\/div>\n\t\t\t\t<\/div>\n\t\t\t\t\t<\/div>\n\t\t<\/div>\n\t\t\t\t\t<\/div>\n\t\t<\/section>\n\t\t\t\t<\/div>\n\t\t","protected":false},"excerpt":{"rendered":"<p>Mit unseren Spritzgie\u00dfmaschinen, auf denen wir eine Vielzahl von Duroplast- Kunststoffen und nahezu alle Thermoplast- Kunststoffe mit jahrzehntelanger Erfahrung verarbeiten, fertigen wir haupts\u00e4chlich technische Pr\u00e4zisionsteilemit einem Gewicht zwischen 0,03 g und 350 g. Die Schlie\u00dfkraft der Maschinenbetr\u00e4gt 35t bis 120t. Bei gr\u00f6\u00dferen Schlie\u00dfkr\u00e4ften arbeiten wir eng mit anderen Spritzgussbetrieben aus der Region zusammen. Ob Kleinserien [&hellip;]<\/p>\n","protected":false},"author":1,"featured_media":0,"parent":0,"menu_order":1,"comment_status":"closed","ping_status":"closed","template":"","meta":{"footnotes":""},"class_list":["post-71","page","type-page","status-publish","hentry"],"yoast_head":"<!-- This site is optimized with the Yoast SEO plugin v27.4 - https:\/\/yoast.com\/product\/yoast-seo-wordpress\/ -->\n<title>Spritzgu\u00df - DURO-TEC<\/title>\n<meta name=\"robots\" content=\"index, follow, max-snippet:-1, max-image-preview:large, max-video-preview:-1\" \/>\n<link rel=\"canonical\" href=\"https:\/\/www.duro-tec.com\/index.php\/spritzguss\/\" \/>\n<meta property=\"og:locale\" content=\"de_DE\" \/>\n<meta property=\"og:type\" content=\"article\" \/>\n<meta property=\"og:title\" content=\"Spritzgu\u00df - DURO-TEC\" \/>\n<meta property=\"og:description\" content=\"Mit unseren Spritzgie\u00dfmaschinen, auf denen wir eine Vielzahl von Duroplast- Kunststoffen und nahezu alle Thermoplast- Kunststoffe mit jahrzehntelanger Erfahrung verarbeiten, fertigen wir haupts\u00e4chlich technische Pr\u00e4zisionsteilemit einem Gewicht zwischen 0,03 g und 350 g. Die Schlie\u00dfkraft der Maschinenbetr\u00e4gt 35t bis 120t. Bei gr\u00f6\u00dferen Schlie\u00dfkr\u00e4ften arbeiten wir eng mit anderen Spritzgussbetrieben aus der Region zusammen. Ob Kleinserien [&hellip;]\" \/>\n<meta property=\"og:url\" content=\"https:\/\/www.duro-tec.com\/index.php\/spritzguss\/\" \/>\n<meta property=\"og:site_name\" content=\"DURO-TEC\" \/>\n<meta property=\"article:modified_time\" content=\"2024-02-02T13:39:53+00:00\" \/>\n<meta name=\"twitter:card\" content=\"summary_large_image\" \/>\n<meta name=\"twitter:label1\" content=\"Gesch\u00e4tzte Lesezeit\" \/>\n\t<meta name=\"twitter:data1\" content=\"1\u00a0Minute\" \/>\n<script type=\"application\/ld+json\" class=\"yoast-schema-graph\">{\"@context\":\"https:\\\/\\\/schema.org\",\"@graph\":[{\"@type\":\"WebPage\",\"@id\":\"https:\\\/\\\/www.duro-tec.com\\\/index.php\\\/spritzguss\\\/\",\"url\":\"https:\\\/\\\/www.duro-tec.com\\\/index.php\\\/spritzguss\\\/\",\"name\":\"Spritzgu\u00df - DURO-TEC\",\"isPartOf\":{\"@id\":\"https:\\\/\\\/www.duro-tec.com\\\/#website\"},\"datePublished\":\"2019-08-20T10:59:20+00:00\",\"dateModified\":\"2024-02-02T13:39:53+00:00\",\"breadcrumb\":{\"@id\":\"https:\\\/\\\/www.duro-tec.com\\\/index.php\\\/spritzguss\\\/#breadcrumb\"},\"inLanguage\":\"de\",\"potentialAction\":[{\"@type\":\"ReadAction\",\"target\":[\"https:\\\/\\\/www.duro-tec.com\\\/index.php\\\/spritzguss\\\/\"]}]},{\"@type\":\"BreadcrumbList\",\"@id\":\"https:\\\/\\\/www.duro-tec.com\\\/index.php\\\/spritzguss\\\/#breadcrumb\",\"itemListElement\":[{\"@type\":\"ListItem\",\"position\":1,\"name\":\"Home\",\"item\":\"https:\\\/\\\/www.duro-tec.com\\\/\"},{\"@type\":\"ListItem\",\"position\":2,\"name\":\"Spritzgu\u00df\"}]},{\"@type\":\"WebSite\",\"@id\":\"https:\\\/\\\/www.duro-tec.com\\\/#website\",\"url\":\"https:\\\/\\\/www.duro-tec.com\\\/\",\"name\":\"DURO-TEC\",\"description\":\"Kunststofftechnik GmbH\",\"potentialAction\":[{\"@type\":\"SearchAction\",\"target\":{\"@type\":\"EntryPoint\",\"urlTemplate\":\"https:\\\/\\\/www.duro-tec.com\\\/?s={search_term_string}\"},\"query-input\":{\"@type\":\"PropertyValueSpecification\",\"valueRequired\":true,\"valueName\":\"search_term_string\"}}],\"inLanguage\":\"de\"}]}<\/script>\n<!-- \/ Yoast SEO plugin. -->","yoast_head_json":{"title":"Spritzgu\u00df - DURO-TEC","robots":{"index":"index","follow":"follow","max-snippet":"max-snippet:-1","max-image-preview":"max-image-preview:large","max-video-preview":"max-video-preview:-1"},"canonical":"https:\/\/www.duro-tec.com\/index.php\/spritzguss\/","og_locale":"de_DE","og_type":"article","og_title":"Spritzgu\u00df - DURO-TEC","og_description":"Mit unseren Spritzgie\u00dfmaschinen, auf denen wir eine Vielzahl von Duroplast- Kunststoffen und nahezu alle Thermoplast- Kunststoffe mit jahrzehntelanger Erfahrung verarbeiten, fertigen wir haupts\u00e4chlich technische Pr\u00e4zisionsteilemit einem Gewicht zwischen 0,03 g und 350 g. Die Schlie\u00dfkraft der Maschinenbetr\u00e4gt 35t bis 120t. Bei gr\u00f6\u00dferen Schlie\u00dfkr\u00e4ften arbeiten wir eng mit anderen Spritzgussbetrieben aus der Region zusammen. Ob Kleinserien [&hellip;]","og_url":"https:\/\/www.duro-tec.com\/index.php\/spritzguss\/","og_site_name":"DURO-TEC","article_modified_time":"2024-02-02T13:39:53+00:00","twitter_card":"summary_large_image","twitter_misc":{"Gesch\u00e4tzte Lesezeit":"1\u00a0Minute"},"schema":{"@context":"https:\/\/schema.org","@graph":[{"@type":"WebPage","@id":"https:\/\/www.duro-tec.com\/index.php\/spritzguss\/","url":"https:\/\/www.duro-tec.com\/index.php\/spritzguss\/","name":"Spritzgu\u00df - DURO-TEC","isPartOf":{"@id":"https:\/\/www.duro-tec.com\/#website"},"datePublished":"2019-08-20T10:59:20+00:00","dateModified":"2024-02-02T13:39:53+00:00","breadcrumb":{"@id":"https:\/\/www.duro-tec.com\/index.php\/spritzguss\/#breadcrumb"},"inLanguage":"de","potentialAction":[{"@type":"ReadAction","target":["https:\/\/www.duro-tec.com\/index.php\/spritzguss\/"]}]},{"@type":"BreadcrumbList","@id":"https:\/\/www.duro-tec.com\/index.php\/spritzguss\/#breadcrumb","itemListElement":[{"@type":"ListItem","position":1,"name":"Home","item":"https:\/\/www.duro-tec.com\/"},{"@type":"ListItem","position":2,"name":"Spritzgu\u00df"}]},{"@type":"WebSite","@id":"https:\/\/www.duro-tec.com\/#website","url":"https:\/\/www.duro-tec.com\/","name":"DURO-TEC","description":"Kunststofftechnik GmbH","potentialAction":[{"@type":"SearchAction","target":{"@type":"EntryPoint","urlTemplate":"https:\/\/www.duro-tec.com\/?s={search_term_string}"},"query-input":{"@type":"PropertyValueSpecification","valueRequired":true,"valueName":"search_term_string"}}],"inLanguage":"de"}]}},"_links":{"self":[{"href":"https:\/\/www.duro-tec.com\/index.php\/wp-json\/wp\/v2\/pages\/71","targetHints":{"allow":["GET"]}}],"collection":[{"href":"https:\/\/www.duro-tec.com\/index.php\/wp-json\/wp\/v2\/pages"}],"about":[{"href":"https:\/\/www.duro-tec.com\/index.php\/wp-json\/wp\/v2\/types\/page"}],"author":[{"embeddable":true,"href":"https:\/\/www.duro-tec.com\/index.php\/wp-json\/wp\/v2\/users\/1"}],"replies":[{"embeddable":true,"href":"https:\/\/www.duro-tec.com\/index.php\/wp-json\/wp\/v2\/comments?post=71"}],"version-history":[{"count":17,"href":"https:\/\/www.duro-tec.com\/index.php\/wp-json\/wp\/v2\/pages\/71\/revisions"}],"predecessor-version":[{"id":273,"href":"https:\/\/www.duro-tec.com\/index.php\/wp-json\/wp\/v2\/pages\/71\/revisions\/273"}],"wp:attachment":[{"href":"https:\/\/www.duro-tec.com\/index.php\/wp-json\/wp\/v2\/media?parent=71"}],"curies":[{"name":"wp","href":"https:\/\/api.w.org\/{rel}","templated":true}]}}